{"id":30,"date":"2025-12-14T18:10:34","date_gmt":"2025-12-14T17:10:34","guid":{"rendered":"https:\/\/www.sdruzeneordinace.cz\/?page_id=30"},"modified":"2026-04-10T13:37:17","modified_gmt":"2026-04-10T11:37:17","slug":"bystrc","status":"publish","type":"page","link":"https:\/\/www.sdruzeneordinace.cz\/?page_id=30","title":{"rendered":"Bystrc"},"content":{"rendered":"<div id=\"wrapper\">\n<div id=\"allOver\">\n<div id=\"mainDiv\">\n<div id=\"mainDiv-in\">\n<h3><\/h3>\n<h3>Ordinace Brno Bystrc<img fetchpriority=\"high\" decoding=\"async\" class=\"alignright\" src=\"http:\/\/localhost\/sdruzeneordinace.cz\/wp-content\/themes\/astra\/inc\/assets\/images\/starter-content\/dite-medved.png\" alt=\"\" width=\"298\" height=\"220\" \/><\/h3>\n<p>Zveme v\u00e1s s va\u0161imi d\u011btmi do na\u0161\u00ed\u00a0<b>pediatrick\u00e9 ambulance veden\u00e9 zku\u0161en\u00fdmi l\u00e9ka\u0159kami s dlouholetou prax\u00ed a laskav\u00fdm p\u0159\u00edstupem<\/b>.<\/p>\n<p>T\u011b\u0161\u00edme se na v\u00e1s,<\/p>\n<h5 class=\"doktor\"><span class=\"jmeno\">l\u00e9ka\u0159i:<br \/>\n<\/span><span class=\"jmeno\">MUDr. Andrea Ku\u010derov\u00e1<br \/>\n<\/span><span class=\"jmeno\">Varvara Didkovska M.D.<br \/>\n<\/span><span class=\"jmeno\"><br \/>\n<\/span><span class=\"telefony\"><strong><br \/>\n<\/strong><\/span><span class=\"sestra\">zdravotn\u00ed sestra: Zuzana \u0160v\u00e1bov\u00e1<\/span><\/h5>\n<\/div>\n<h5><\/h5>\n<h5 class=\"doktor\"><span class=\"telefony\">mob.:\u00a0<strong>776 414 051<\/strong><\/span><\/h5>\n<div id=\"mainDiv-in\">\n<div><\/div>\n<div id=\"ordinacni-hodiny\">\n<h4 class=\"upozorneni\">Nad\u00e1le plat\u00ed p\u0159ed n\u00e1v\u0161t\u011bvou ordinace telefonick\u00e1 domluva.<\/h4>\n<\/div>\n<p>&nbsp;<\/p>\n<div id=\"ordinacni-hodiny\">\n<p><b><span style=\"color: green;\">Ka\u017ed\u00e9 \u00fater\u00fd od b\u0159ezna 2026<\/span><\/b><br \/>\nZ\u00e1stup od 7:00 do 9:30 hodin D\u011btsk\u00fd doktor s.r.o., \u00dadoln\u00ed 18, Brno, telefon 604 354 741<\/p>\n<h6><\/h6>\n<h4>Nast\u0159elen\u00ed n\u00e1u\u0161nic prov\u00e1d\u00ed Sdru\u017een\u00e9 ordinace Slatina s.r.o. a D\u011btsk\u00fd doktor s.r.o.<\/h4>\n<p>&nbsp;<\/p>\n<\/div>\n<\/div>\n<\/div>\n<h3><\/h3>\n<div id=\"mainDiv\">\n<div id=\"mainDiv-in\">\n<div id=\"ordinacni-hodiny\">\n<h3>Do\u010dasn\u00e1 zm\u011bna ordina\u010dn\u00edch hodin od 1.4. 2025<\/h3>\n<table>\n<tbody>\n<tr>\n<td><b>Pond\u011bl\u00ed<\/b><\/td>\n<td><b>7:30 \u2013 14:30<\/b><\/td>\n<td>7:30 &#8211; 9:30 &#8211; nemocn\u00ed pacienti<\/td>\n<td>9:30 &#8211; 14:30 &#8211; objednan\u00ed pacienti, prevence<\/td>\n<\/tr>\n<tr>\n<td><b>\u00dater\u00fd<\/b><\/td>\n<td><b>7:30 \u2013 14:30<\/b><\/td>\n<td>7:30 &#8211; 9:30 nemocn\u00ed pacienti<\/td>\n<td>9:30 &#8211; 14:30 objednan\u00ed pacienti, prevence<\/td>\n<\/tr>\n<tr>\n<td><b>St\u0159eda<\/b><\/td>\n<td><b>13:00 \u2013 18:00<\/b><\/td>\n<td>13:00 &#8211; 15:00 nemocn\u00ed pacienti<\/td>\n<td>15:00 &#8211; 18:00 &#8211; objednan\u00ed pacienti, prevence<\/td>\n<\/tr>\n<tr>\n<td><b>\u010ctvrtek<\/b><\/td>\n<td><b>7:30 \u2013 13:30<\/b><\/td>\n<td>7:30 &#8211; 9:30 nemocn\u00ed pacienti<\/td>\n<td>9:30 &#8211; 13:30 &#8211; objednan\u00ed pacienti, prevence<\/td>\n<\/tr>\n<tr>\n<td><b>P\u00e1tek<\/b><\/td>\n<td><b>7:00 \u2013 12:00<\/b><\/td>\n<td>7:00 &#8211; 9:30 nemocn\u00ed pacienti<\/td>\n<td>9:30 &#8211; 12:00 &#8211; objednan\u00ed pacienti, prevence<\/td>\n<\/tr>\n<\/tbody>\n<\/table>\n<h6 class=\"upozorneni\"><\/h6>\n<h6><\/h6>\n<h6><\/h6>\n<p>&nbsp;<\/p>\n<h3>Ordina\u010dn\u00ed hodiny:<\/h3>\n<table class=\"bordered\">\n<tbody>\n<tr>\n<td rowspan=\"2\">PO<\/td>\n<td>12:30 &#8211; 15:00<\/td>\n<td>nemocn\u00ed<\/td>\n<\/tr>\n<tr>\n<td>15:00 &#8211; 18:00<\/td>\n<td>prevence<\/td>\n<\/tr>\n<tr>\n<td rowspan=\"2\">\u00daT<\/td>\n<td>07:30 &#8211; 10:30<\/td>\n<td>nemocn\u00ed<\/td>\n<\/tr>\n<tr>\n<td>10:30 &#8211; 14:30<\/td>\n<td>prevence<\/td>\n<\/tr>\n<tr>\n<td rowspan=\"2\">ST<\/td>\n<td>12:30 &#8211; 15:00<\/td>\n<td>nemocn\u00ed<\/td>\n<\/tr>\n<tr>\n<td>15:00 &#8211; 18:00<\/td>\n<td>prevence<\/td>\n<\/tr>\n<tr>\n<td rowspan=\"2\">\u010cT<\/td>\n<td>07:30 &#8211; 10:30<\/td>\n<td>nemocn\u00ed<\/td>\n<\/tr>\n<tr>\n<td>10:30 &#8211; 14:00<\/td>\n<td>prevence<\/td>\n<\/tr>\n<tr>\n<td rowspan=\"2\">P\u00c1<\/td>\n<td>07:30 &#8211; 10:30<\/td>\n<td>nemocn\u00ed<\/td>\n<\/tr>\n<tr>\n<td>10:30 &#8211; 13:00<\/td>\n<td>prevence<\/td>\n<\/tr>\n<\/tbody>\n<\/table>\n<\/div>\n<h4>Poji\u0161\u0165ovny, se kter\u00fdmi spolupracujeme:<\/h4>\n<p class=\"color-p\"><strong>VZP \u010cR; ZPMV \u010cR; OZP; VoZP; RBP; \u010cPZP; Poji\u0161\u0165ovna VZP a.s.<\/strong><br \/>\nCeny slu\u017eeb, kter\u00e9 nehrad\u00ed poji\u0161\u0165ovny, najdete v\u00a0<a title=\"cen\u00edk nadstandartn\u00edch slu\u017eeb\" href=\"http:\/\/sdruzeneordinace.cz\/ke-stazeni\/cenik.pdf\">cen\u00edku nadstandartn\u00edch slu\u017eeb<\/a>.<\/p>\n<p class=\"color-p\">Pro p\u0159ihl\u00e1\u0161en\u00ed d\u011bt\u00ed do na\u0161\u00ed p\u00e9\u010de pros\u00edm vyu\u017eijte n\u00e1sleduj\u00edc\u00edch kontakt\u016f:<\/p>\n<\/div>\n<\/div>\n<p><span class=\"nadpis\" style=\"font-size: 16px;\"><strong>KONTAKTY:<\/strong><br \/>\n<\/span><span style=\"font-size: 16px;\">mob.: 776 414 051<br \/>\n<\/span><span style=\"font-size: 16px;\">email:\u00a0<\/span><a style=\"font-size: 16px; background-color: #ffffff;\" href=\"mailto:bystrc@sdruzeneordinace.cz\">bystrc@sdruzeneordinace.cz<\/a><\/p>\n<\/div>\n<\/div>\n<div id=\"divBottom\">\n<div id=\"divBottom-in\">\n<div class=\"adresa\">\n<p><strong>Sdru\u017een\u00e9 ordinace Bystrc s.r.o.<\/strong><br \/>\nL\u00fdskova 2, 635 00 Brno<br \/>\nI\u010c: 05729271<\/p>\n<\/div>\n<div class=\"mapa\"><iframe src=\"https:\/\/www.google.com\/maps\/embed?pb=!1m18!1m12!1m3!1d1095.701802939545!2d16.504409106532144!3d49.218905801696245!2m3!1f0!2f0!3f0!3m2!1i1024!2i768!4f13.1!3m3!1m2!1s0x4712971ed718b501%3A0x74ad0a39b189e52c!2sL%C3%BDskova+1031%2F2%2C+635+00+Brno-Bystrc!5e0!3m2!1scs!2scz!4v1507193508863\" width=\"400\" height=\"200\" frameborder=\"0\" allowfullscreen=\"allowfullscreen\" data-mce-fragment=\"1\"><\/iframe><\/div>\n<\/div>\n<\/div>\n","protected":false},"excerpt":{"rendered":"<p>Ordinace Brno Bystrc Zveme v\u00e1s s va\u0161imi d\u011btmi do na\u0161\u00ed\u00a0pediatrick\u00e9 ambulance veden\u00e9 zku\u0161en\u00fdmi l\u00e9ka\u0159kami s dlouholetou prax\u00ed a laskav\u00fdm p\u0159\u00edstupem. [&hellip;]<\/p>\n","protected":false},"author":1,"featured_media":0,"parent":0,"menu_order":0,"comment_status":"closed","ping_status":"closed","template":"","meta":{"site-sidebar-layout":"default","site-content-layout":"","ast-site-content-layout":"default","site-content-style":"default","site-sidebar-style":"default","ast-global-header-display":"","ast-banner-title-visibility":"","ast-main-header-display":"","ast-hfb-above-header-display":"","ast-hfb-below-header-display":"","ast-hfb-mobile-header-display":"","site-post-title":"disabled","ast-breadcrumbs-content":"","ast-featured-img":"","footer-sml-layout":"","ast-disable-related-posts":"","theme-transparent-header-meta":"default","adv-header-id-meta":"","stick-header-meta":"","header-above-stick-meta":"","header-main-stick-meta":"","header-below-stick-meta":"","astra-migrate-meta-layouts":"set","ast-page-background-enabled":"default","ast-page-background-meta":{"desktop":{"background-color":"var(--ast-global-color-5)","background-image":"","background-repeat":"repeat","background-position":"center center","background-size":"auto","background-attachment":"scroll","background-type":"","background-media":"","overlay-type":"","overlay-color":"","overlay-opacity":"","overlay-gradient":""},"tablet":{"background-color":"","background-image":"","background-repeat":"repeat","background-position":"center center","background-size":"auto","background-attachment":"scroll","background-type":"","background-media":"","overlay-type":"","overlay-color":"","overlay-opacity":"","overlay-gradient":""},"mobile":{"background-color":"","background-image":"","background-repeat":"repeat","background-position":"center center","background-size":"auto","background-attachment":"scroll","background-type":"","background-media":"","overlay-type":"","overlay-color":"","overlay-opacity":"","overlay-gradient":""}},"ast-content-background-meta":{"desktop":{"background-color":"var(--ast-global-color-4)","background-image":"","background-repeat":"repeat","background-position":"center center","background-size":"auto","background-attachment":"scroll","background-type":"","background-media":"","overlay-type":"","overlay-color":"","overlay-opacity":"","overlay-gradient":""},"tablet":{"background-color":"var(--ast-global-color-4)","background-image":"","background-repeat":"repeat","background-position":"center center","background-size":"auto","background-attachment":"scroll","background-type":"","background-media":"","overlay-type":"","overlay-color":"","overlay-opacity":"","overlay-gradient":""},"mobile":{"background-color":"var(--ast-global-color-4)","background-image":"","background-repeat":"repeat","background-position":"center center","background-size":"auto","background-attachment":"scroll","background-type":"","background-media":"","overlay-type":"","overlay-color":"","overlay-opacity":"","overlay-gradient":""}},"footnotes":""},"class_list":["post-30","page","type-page","status-publish","hentry"],"jetpack_sharing_enabled":true,"_links":{"self":[{"href":"https:\/\/www.sdruzeneordinace.cz\/index.php?rest_route=\/wp\/v2\/pages\/30","targetHints":{"allow":["GET"]}}],"collection":[{"href":"https:\/\/www.sdruzeneordinace.cz\/index.php?rest_route=\/wp\/v2\/pages"}],"about":[{"href":"https:\/\/www.sdruzeneordinace.cz\/index.php?rest_route=\/wp\/v2\/types\/page"}],"author":[{"embeddable":true,"href":"https:\/\/www.sdruzeneordinace.cz\/index.php?rest_route=\/wp\/v2\/users\/1"}],"replies":[{"embeddable":true,"href":"https:\/\/www.sdruzeneordinace.cz\/index.php?rest_route=%2Fwp%2Fv2%2Fcomments&post=30"}],"version-history":[{"count":16,"href":"https:\/\/www.sdruzeneordinace.cz\/index.php?rest_route=\/wp\/v2\/pages\/30\/revisions"}],"predecessor-version":[{"id":228,"href":"https:\/\/www.sdruzeneordinace.cz\/index.php?rest_route=\/wp\/v2\/pages\/30\/revisions\/228"}],"wp:attachment":[{"href":"https:\/\/www.sdruzeneordinace.cz\/index.php?rest_route=%2Fwp%2Fv2%2Fmedia&parent=30"}],"curies":[{"name":"wp","href":"https:\/\/api.w.org\/{rel}","templated":true}]}}